{"id":89,"date":"2025-09-08T01:26:57","date_gmt":"2025-09-07T23:26:57","guid":{"rendered":"https:\/\/osuomra.tendencyproductora.site\/?page_id=89"},"modified":"2025-09-18T15:28:38","modified_gmt":"2025-09-18T13:28:38","slug":"autoridades","status":"publish","type":"page","link":"https:\/\/osuomra.org.ar\/?page_id=89","title":{"rendered":"Autoridades"},"content":{"rendered":"\t\t<div data-elementor-type=\"wp-page\" data-elementor-id=\"89\" class=\"elementor elementor-89\" data-elementor-post-type=\"page\">\n\t\t\t\t<div class=\"elementor-element elementor-element-e3510fb e-con-full e-flex e-con e-parent\" data-id=\"e3510fb\" data-element_type=\"container\" data-settings=\"{&quot;background_background&quot;:&quot;classic&quot;}\">\n\t\t\t\t<div class=\"elementor-element elementor-element-75f5ce4 elementor-widget elementor-widget-heading\" data-id=\"75f5ce4\" data-element_type=\"widget\" data-widget_type=\"heading.default\">\n\t\t\t\t\t<h1 class=\"elementor-heading-title elementor-size-default\">Autoridades<\/h1>\t\t\t\t<\/div>\n\t\t\t\t<\/div>\n\t\t<div class=\"elementor-element elementor-element-fbc7d07 e-con-full e-flex e-con e-parent\" data-id=\"fbc7d07\" data-element_type=\"container\" data-settings=\"{&quot;background_background&quot;:&quot;classic&quot;}\">\n\t\t\t\t<div class=\"elementor-element elementor-element-bc02b67 elementor-widget elementor-widget-heading\" data-id=\"bc02b67\" data-element_type=\"widget\" data-widget_type=\"heading.default\">\n\t\t\t\t\t<h3 class=\"elementor-heading-title elementor-size-default\">Titulares<\/h3>\t\t\t\t<\/div>\n\t\t\t\t<div class=\"elementor-element elementor-element-8f08332 presta elementor-widget elementor-widget-text-editor\" data-id=\"8f08332\" data-element_type=\"widget\" data-widget_type=\"text-editor.default\">\n\t\t\t\t\t\t\t\t\t<table width=\"100%\">\n<tbody>\n<tr>\n<th>Cargo<\/th>\n<th>Nombre<\/th>\n<\/tr>\n<tr>\n<td width=\"50%\">Secretario General<\/td>\n<td width=\"50%\">Francisco Abel Furl\u00e1n<\/td>\n<\/tr>\n<tr>\n<td>Secretario Adjunto<\/td>\n<td>Naldo Ra\u00fal Adalberto Brunelli<\/td>\n<\/tr>\n<tr>\n<td>Secretario Administrativo<\/td>\n<td>Osvaldo Esteban Lobato<\/td>\n<\/tr>\n<tr>\n<td>Secretario de Asistencia Social<\/td>\n<td>Antonio Donello<\/td>\n<\/tr>\n<tr>\n<td>Tesorero<\/td>\n<td>Jos\u00e9\u00a0Luis Ortiz<\/td>\n<\/tr>\n<\/tbody>\n<\/table>\t\t\t\t\t\t\t\t<\/div>\n\t\t\t\t<div class=\"elementor-element elementor-element-110cd4a elementor-widget elementor-widget-heading\" data-id=\"110cd4a\" data-element_type=\"widget\" data-widget_type=\"heading.default\">\n\t\t\t\t\t<h3 class=\"elementor-heading-title elementor-size-default\">Suplentes<\/h3>\t\t\t\t<\/div>\n\t\t\t\t<div class=\"elementor-element elementor-element-99c1204 presta elementor-widget elementor-widget-text-editor\" data-id=\"99c1204\" data-element_type=\"widget\" data-widget_type=\"text-editor.default\">\n\t\t\t\t\t\t\t\t\t<table width=\"100%\">\n<tbody>\n<tr>\n<th>Cargo<\/th>\n<th>Nombre<\/th>\n<\/tr>\n<tr>\n<td width=\"50%\">Pro-tesorero<\/td>\n<td width=\"50%\">Enrique Ricardo Salinas<\/td>\n<\/tr>\n<tr>\n<td>Secretario de Actas y Correspondencia<\/td>\n<td>Daniel Daporta<\/td>\n<\/tr>\n<tr>\n<td>Secretario Organizaci\u00f3n<\/td>\n<td>Diego Espeche<\/td>\n<\/tr>\n<tr>\n<td>Secretario de Relaciones Internacionales<\/td>\n<td>Esteban Cabello<\/td>\n<\/tr>\n<tr>\n<td>Secretario de Prensa, Propaganda y Cultura<\/td>\n<td>Daniel Urbano<\/td>\n<\/tr>\n<tr>\n<td>Secretario de Estad\u00edstica y An\u00e1lisis<\/td>\n<td>Daniel G\u00f3mez<\/td>\n<\/tr>\n<\/tbody>\n<\/table>\t\t\t\t\t\t\t\t<\/div>\n\t\t\t\t<div class=\"elementor-element elementor-element-37d612a elementor-widget elementor-widget-heading\" data-id=\"37d612a\" data-element_type=\"widget\" data-widget_type=\"heading.default\">\n\t\t\t\t\t<h3 class=\"elementor-heading-title elementor-size-default\">Direcci\u00f3n M\u00e9dica<\/h3>\t\t\t\t<\/div>\n\t\t\t\t<div class=\"elementor-element elementor-element-e63e63c presta elementor-widget elementor-widget-text-editor\" data-id=\"e63e63c\" data-element_type=\"widget\" data-widget_type=\"text-editor.default\">\n\t\t\t\t\t\t\t\t\t<table width=\"100%\">\n<tbody>\n<tr>\n<th>Cargo<\/th>\n<th>Nombre<\/th>\n<th>Atribuciones<\/th>\n<\/tr>\n<tr>\n<td width=\"15%\">Director M\u00e9dico<\/td>\n<td width=\"20%\">Dr. Juan \u00c1lvarez Rodr\u00edguez<\/td>\n<td width=\"65%\">Supervisar y uniformar los indicadores de salud y atenci\u00f3n, manteni\u00e9ndolos dentro de los est\u00e1ndares preestablecidos.&nbsp;\n\nPromover los programas de calidad en atenci\u00f3n m\u00e9dica.\n\nPlanear las \u00e1reas de crecimiento de los centros de atenci\u00f3n.\n\nCrear nuevos programas de atenci\u00f3n m\u00e9dica.\n\nPlanear los presupuestos de equipamiento requeridos por unidades hospitalarias y centros de especialidad.\n\nControlar y supervisar el funcionamiento de los centros propios.<\/td>\n<\/tr>\n<tr>\n<td width=\"15%\">Auditor<\/td>\n<td width=\"20%\">Dr. Carlos Morasso<\/td>\n<td width=\"65%\">Evaluar la calidad, oportunidad y eficacia de los servicios medico-asistenciales propios.&nbsp;\n\nEvaluar y resolver los reclamos relizados por beneficiarios.\n\nFacilitar la comunicaci\u00f3n entre los auditores m\u00e9dicos concurrentes de las entidades contratantes y de m\u00e9dicos tratantes, con el fin de optimizar la relaci\u00f3n y resolver dudas.<\/td>\n<\/tr>\n<tr>\n<td width=\"15%\">Auditor<\/td>\n<td width=\"20%\">Dr. An\u00edbal Travaglia<\/td>\n<td width=\"65%\">Auditor en especialidades medicinales alcanzadas por Disposici\u00f3n 3683\/11 y Resoluci\u00f3n 1831\/12 ANMAT, modificaciones complementarias y\/o ampliatorias.&nbsp;\n\nAuditar y controlar la facturaci\u00f3n de Hospitales P\u00fablicos de Gesti\u00f3n Descentralizada.<\/td>\n<\/tr>\n<tr>\n<td width=\"15%\">Auditora<\/td>\n<td width=\"20%\">Dra. Cristina Mayor<\/td>\n<td width=\"65%\">Auditor\u00eda en terreno.&nbsp;\n\nEvaluar calidad y eficacia de los servicios m\u00e9dico-asistenciales prestados en Hospitales P\u00fablicos de Gesti\u00f3n Descentralizada a los beneficiarios de la obra social.<\/td>\n<\/tr>\n<\/tbody>\n<\/table>\t\t\t\t\t\t\t\t<\/div>\n\t\t\t\t<\/div>\n\t\t\t\t<\/div>\n\t\t","protected":false},"excerpt":{"rendered":"<p>Autoridades Titulares Cargo Nombre Secretario General Francisco Abel Furl\u00e1n Secretario Adjunto Naldo Ra\u00fal Adalberto Brunelli Secretario Administrativo Osvaldo Esteban Lobato Secretario de Asistencia Social Antonio Donello Tesorero Jos\u00e9\u00a0Luis Ortiz Suplentes Cargo Nombre Pro-tesorero Enrique Ricardo Salinas Secretario de Actas y Correspondencia Daniel Daporta Secretario Organizaci\u00f3n Diego Espeche Secretario de Relaciones Internacionales Esteban Cabello Secretario de [&hellip;]<\/p>\n","protected":false},"author":1,"featured_media":0,"parent":0,"menu_order":0,"comment_status":"closed","ping_status":"closed","template":"elementor_header_footer","meta":{"_acf_changed":false,"_joinchat":[],"footnotes":""},"class_list":["post-89","page","type-page","status-publish","hentry"],"acf":[],"_links":{"self":[{"href":"https:\/\/osuomra.org.ar\/index.php?rest_route=\/wp\/v2\/pages\/89","targetHints":{"allow":["GET"]}}],"collection":[{"href":"https:\/\/osuomra.org.ar\/index.php?rest_route=\/wp\/v2\/pages"}],"about":[{"href":"https:\/\/osuomra.org.ar\/index.php?rest_route=\/wp\/v2\/types\/page"}],"author":[{"embeddable":true,"href":"https:\/\/osuomra.org.ar\/index.php?rest_route=\/wp\/v2\/users\/1"}],"replies":[{"embeddable":true,"href":"https:\/\/osuomra.org.ar\/index.php?rest_route=%2Fwp%2Fv2%2Fcomments&post=89"}],"version-history":[{"count":34,"href":"https:\/\/osuomra.org.ar\/index.php?rest_route=\/wp\/v2\/pages\/89\/revisions"}],"predecessor-version":[{"id":655,"href":"https:\/\/osuomra.org.ar\/index.php?rest_route=\/wp\/v2\/pages\/89\/revisions\/655"}],"wp:attachment":[{"href":"https:\/\/osuomra.org.ar\/index.php?rest_route=%2Fwp%2Fv2%2Fmedia&parent=89"}],"curies":[{"name":"wp","href":"https:\/\/api.w.org\/{rel}","templated":true}]}}