{"id":87,"date":"2025-09-08T01:26:36","date_gmt":"2025-09-07T23:26:36","guid":{"rendered":"https:\/\/osuomra.tendencyproductora.site\/?page_id=87"},"modified":"2025-09-25T15:21:35","modified_gmt":"2025-09-25T13:21:35","slug":"prensa-y-difusion","status":"publish","type":"page","link":"https:\/\/osuomra.org.ar\/?page_id=87","title":{"rendered":"Prensa y difusi\u00f3n"},"content":{"rendered":"\t\t<div data-elementor-type=\"wp-page\" data-elementor-id=\"87\" class=\"elementor elementor-87\" data-elementor-post-type=\"page\">\n\t\t\t\t<div class=\"elementor-element elementor-element-35698a5 e-con-full e-flex e-con e-parent\" data-id=\"35698a5\" data-element_type=\"container\" data-settings=\"{&quot;background_background&quot;:&quot;classic&quot;}\">\n\t\t\t\t<div class=\"elementor-element elementor-element-d9f331c elementor-widget elementor-widget-heading\" data-id=\"d9f331c\" data-element_type=\"widget\" data-widget_type=\"heading.default\">\n\t\t\t\t\t<h1 class=\"elementor-heading-title elementor-size-default\">Prensa<\/h1>\t\t\t\t<\/div>\n\t\t\t\t<\/div>\n\t\t<div class=\"elementor-element elementor-element-eab90d3 e-con-full e-flex e-con e-parent\" data-id=\"eab90d3\" data-element_type=\"container\">\n\t\t\t\t<div class=\"elementor-element elementor-element-3987fef elementor-grid-1 elementor-posts--thumbnail-none elementor-grid-tablet-2 elementor-grid-mobile-1 elementor-widget elementor-widget-posts\" data-id=\"3987fef\" data-element_type=\"widget\" data-settings=\"{&quot;classic_columns&quot;:&quot;1&quot;,&quot;classic_columns_tablet&quot;:&quot;2&quot;,&quot;classic_columns_mobile&quot;:&quot;1&quot;,&quot;classic_row_gap&quot;:{&quot;unit&quot;:&quot;px&quot;,&quot;size&quot;:35,&quot;sizes&quot;:[]},&quot;classic_row_gap_tablet&quot;:{&quot;unit&quot;:&quot;px&quot;,&quot;size&quot;:&quot;&quot;,&quot;sizes&quot;:[]},&quot;classic_row_gap_mobile&quot;:{&quot;unit&quot;:&quot;px&quot;,&quot;size&quot;:&quot;&quot;,&quot;sizes&quot;:[]}}\" data-widget_type=\"posts.classic\">\n\t\t\t\t<div class=\"elementor-widget-container\">\n\t\t\t\t\t\t\t<div class=\"elementor-posts-container elementor-posts elementor-posts--skin-classic elementor-grid\" role=\"list\">\n\t\t\t\t<article class=\"elementor-post elementor-grid-item post-455 post type-post status-publish format-standard has-post-thumbnail hentry category-noticias\" role=\"listitem\">\n\t\t\t\t<div class=\"elementor-post__text\">\n\t\t\t\t<h3 class=\"elementor-post__title\">\n\t\t\t<a href=\"https:\/\/osuomra.org.ar\/?p=455\" >\n\t\t\t\tProtocolo de manejo de gestantes con deseo de IVE ( INTERRUPCI\u00d3N VOLUNTARIA DE EMBARAZO)\t\t\t<\/a>\n\t\t<\/h3>\n\t\t\t\t<div class=\"elementor-post__excerpt\">\n\t\t\t<p>Art\u00edculo escrito por&nbsp;Sec. de Asist. Social \/ Direcci\u00f3n M\u00e9dica Central 1)&nbsp;Primera consulta:&nbsp;solicitud IVE (guardia general, pediatr\u00eda, consulta ambulatoria)2) Derivaci\u00f3n a Consultorios Externos de Ginecolog\u00eda para<\/p>\n\t\t<\/div>\n\t\t\n\t\t<a class=\"elementor-post__read-more\" href=\"https:\/\/osuomra.org.ar\/?p=455\" aria-label=\"Read more about Protocolo de manejo de gestantes con deseo de IVE ( INTERRUPCI\u00d3N VOLUNTARIA DE EMBARAZO)\" tabindex=\"-1\" >\n\t\t\tLeer todo \u00bb\t\t<\/a>\n\n\t\t\t\t<\/div>\n\t\t\t\t<\/article>\n\t\t\t\t<article class=\"elementor-post elementor-grid-item post-452 post type-post status-publish format-standard has-post-thumbnail hentry category-noticias\" role=\"listitem\">\n\t\t\t\t<div class=\"elementor-post__text\">\n\t\t\t\t<h3 class=\"elementor-post__title\">\n\t\t\t<a href=\"https:\/\/osuomra.org.ar\/?p=452\" >\n\t\t\t\tPrograma de Prevenci\u00f3n de Di\u00f3xido de Cloro\t\t\t<\/a>\n\t\t<\/h3>\n\t\t\t\t<div class=\"elementor-post__excerpt\">\n\t\t\t<p>Art\u00edculo escrito por&nbsp;Sec. de Asist. Social \/ Direcci\u00f3n M\u00e9dica Central DI\u00d3XIDO DE CLORO NO debe consumirse para prevenir el Corona Virus Tambi\u00e9n conocido como MMS<\/p>\n\t\t<\/div>\n\t\t\n\t\t<a class=\"elementor-post__read-more\" href=\"https:\/\/osuomra.org.ar\/?p=452\" aria-label=\"Read more about Programa de Prevenci\u00f3n de Di\u00f3xido de Cloro\" tabindex=\"-1\" >\n\t\t\tLeer todo \u00bb\t\t<\/a>\n\n\t\t\t\t<\/div>\n\t\t\t\t<\/article>\n\t\t\t\t<article class=\"elementor-post elementor-grid-item post-410 post type-post status-publish format-standard has-post-thumbnail hentry category-noticias\" role=\"listitem\">\n\t\t\t\t<div class=\"elementor-post__text\">\n\t\t\t\t<h3 class=\"elementor-post__title\">\n\t\t\t<a href=\"https:\/\/osuomra.org.ar\/?p=410\" >\n\t\t\t\tViolencia de g\u00e9nero y Violencia familiar y Sexual\t\t\t<\/a>\n\t\t<\/h3>\n\t\t\t\t<div class=\"elementor-post__excerpt\">\n\t\t\t<p>Art\u00edculo escrito por&nbsp;Sec. de Asist. Social \/ Direcci\u00f3n M\u00e9dica Central 1-GUIA DE INFORMACI\u00d3N DE VIOLENCIA DE G\u00c9NERO \u2013 \u2013 Conoc\u00e9 y ejerc\u00e9 tus derechos: D\u00f3nde<\/p>\n\t\t<\/div>\n\t\t\n\t\t<a class=\"elementor-post__read-more\" href=\"https:\/\/osuomra.org.ar\/?p=410\" aria-label=\"Read more about Violencia de g\u00e9nero y Violencia familiar y Sexual\" tabindex=\"-1\" >\n\t\t\tLeer todo \u00bb\t\t<\/a>\n\n\t\t\t\t<\/div>\n\t\t\t\t<\/article>\n\t\t\t\t<article class=\"elementor-post elementor-grid-item post-407 post type-post status-publish format-standard has-post-thumbnail hentry category-noticias\" role=\"listitem\">\n\t\t\t\t<div class=\"elementor-post__text\">\n\t\t\t\t<h3 class=\"elementor-post__title\">\n\t\t\t<a href=\"https:\/\/osuomra.org.ar\/?p=407\" >\n\t\t\t\tCeliaqu\u00eda: informaci\u00f3n importante para nuestros afiliados\t\t\t<\/a>\n\t\t<\/h3>\n\t\t\t\t<div class=\"elementor-post__excerpt\">\n\t\t\t<p>Art\u00edculo escrito por&nbsp;Sec. de Asist. Social \/ Direcci\u00f3n M\u00e9dica Central Informamos a todo beneficiario de esta obra social que padezca Enfermedad Cel\u00edaca: A fin de<\/p>\n\t\t<\/div>\n\t\t\n\t\t<a class=\"elementor-post__read-more\" href=\"https:\/\/osuomra.org.ar\/?p=407\" aria-label=\"Read more about Celiaqu\u00eda: informaci\u00f3n importante para nuestros afiliados\" tabindex=\"-1\" >\n\t\t\tLeer todo \u00bb\t\t<\/a>\n\n\t\t\t\t<\/div>\n\t\t\t\t<\/article>\n\t\t\t\t<article class=\"elementor-post elementor-grid-item post-404 post type-post status-publish format-standard has-post-thumbnail hentry category-noticias\" role=\"listitem\">\n\t\t\t\t<div class=\"elementor-post__text\">\n\t\t\t\t<h3 class=\"elementor-post__title\">\n\t\t\t<a href=\"https:\/\/osuomra.org.ar\/?p=404\" >\n\t\t\t\tUnite a la campa\u00f1a Nacional de Vacunaci\u00f3n\t\t\t<\/a>\n\t\t<\/h3>\n\t\t\t\t<div class=\"elementor-post__excerpt\">\n\t\t\t<p>Art\u00edculo escrito por&nbsp;Sec. de Asist. Social \/ Direcci\u00f3n M\u00e9dica Central Campa\u00f1a Nacional de Vacunaci\u00f3n contra Sarampi\u00f3n, Paperas, Rub\u00e9ola y Poliomielitis, que se extender\u00e1 hasta el<\/p>\n\t\t<\/div>\n\t\t\n\t\t<a class=\"elementor-post__read-more\" href=\"https:\/\/osuomra.org.ar\/?p=404\" aria-label=\"Read more about Unite a la campa\u00f1a Nacional de Vacunaci\u00f3n\" tabindex=\"-1\" >\n\t\t\tLeer todo \u00bb\t\t<\/a>\n\n\t\t\t\t<\/div>\n\t\t\t\t<\/article>\n\t\t\t\t<article class=\"elementor-post elementor-grid-item post-398 post type-post status-publish format-standard has-post-thumbnail hentry category-noticias\" role=\"listitem\">\n\t\t\t\t<div class=\"elementor-post__text\">\n\t\t\t\t<h3 class=\"elementor-post__title\">\n\t\t\t<a href=\"https:\/\/osuomra.org.ar\/?p=398\" >\n\t\t\t\tCOVID -19 . \u00bfC\u00f3mo sigue mi esquema de vacunaci\u00f3n?\t\t\t<\/a>\n\t\t<\/h3>\n\t\t\t\t<div class=\"elementor-post__excerpt\">\n\t\t\t<p>Art\u00edculo escrito por&nbsp;Sec. de Asist. Social \/ Direcci\u00f3n M\u00e9dica Central Ante el aumento significativo de casos de COVID 19 en las \u00faltimas semanas a nivel<\/p>\n\t\t<\/div>\n\t\t\n\t\t<a class=\"elementor-post__read-more\" href=\"https:\/\/osuomra.org.ar\/?p=398\" aria-label=\"Read more about COVID -19 . \u00bfC\u00f3mo sigue mi esquema de vacunaci\u00f3n?\" tabindex=\"-1\" >\n\t\t\tLeer todo \u00bb\t\t<\/a>\n\n\t\t\t\t<\/div>\n\t\t\t\t<\/article>\n\t\t\t\t<\/div>\n\t\t\n\t\t\t\t\t\t<\/div>\n\t\t\t\t<\/div>\n\t\t\t\t<\/div>\n\t\t\t\t<\/div>\n\t\t","protected":false},"excerpt":{"rendered":"<p>Prensa<\/p>\n","protected":false},"author":1,"featured_media":0,"parent":2,"menu_order":0,"comment_status":"closed","ping_status":"closed","template":"elementor_header_footer","meta":{"_acf_changed":false,"_joinchat":[],"footnotes":""},"class_list":["post-87","page","type-page","status-publish","hentry"],"acf":[],"_links":{"self":[{"href":"https:\/\/osuomra.org.ar\/index.php?rest_route=\/wp\/v2\/pages\/87","targetHints":{"allow":["GET"]}}],"collection":[{"href":"https:\/\/osuomra.org.ar\/index.php?rest_route=\/wp\/v2\/pages"}],"about":[{"href":"https:\/\/osuomra.org.ar\/index.php?rest_route=\/wp\/v2\/types\/page"}],"author":[{"embeddable":true,"href":"https:\/\/osuomra.org.ar\/index.php?rest_route=\/wp\/v2\/users\/1"}],"replies":[{"embeddable":true,"href":"https:\/\/osuomra.org.ar\/index.php?rest_route=%2Fwp%2Fv2%2Fcomments&post=87"}],"version-history":[{"count":7,"href":"https:\/\/osuomra.org.ar\/index.php?rest_route=\/wp\/v2\/pages\/87\/revisions"}],"predecessor-version":[{"id":50754,"href":"https:\/\/osuomra.org.ar\/index.php?rest_route=\/wp\/v2\/pages\/87\/revisions\/50754"}],"up":[{"embeddable":true,"href":"https:\/\/osuomra.org.ar\/index.php?rest_route=\/wp\/v2\/pages\/2"}],"wp:attachment":[{"href":"https:\/\/osuomra.org.ar\/index.php?rest_route=%2Fwp%2Fv2%2Fmedia&parent=87"}],"curies":[{"name":"wp","href":"https:\/\/api.w.org\/{rel}","templated":true}]}}