{"id":441,"date":"2025-09-14T17:24:25","date_gmt":"2025-09-14T15:24:25","guid":{"rendered":"https:\/\/osuomra.tendencyproductora.site\/?page_id=441"},"modified":"2025-10-24T13:21:35","modified_gmt":"2025-10-24T11:21:35","slug":"guia-del-beneficiario","status":"publish","type":"page","link":"https:\/\/osuomra.org.ar\/?page_id=441","title":{"rendered":"Gu\u00eda del Beneficiario"},"content":{"rendered":"\n<p><strong>Este apartado tiene como prop\u00f3sito orientar a nuestros beneficiarios en el uso de los Servicios M\u00e9dico-Asistenciales que brinda la Obra Social de la OSUOMRA.<\/strong><\/p>\n\n\n\n<p><strong>\u00bfQu\u00e9 documentaci\u00f3n se debe presentar para ser atendido en un Servicio M\u00e9dico?<\/strong><br><strong>a)<\/strong>&nbsp;Primer paso:&nbsp;confirmar que posee la documentaci\u00f3n que verifica su filiaci\u00f3n a la Obra Social. En este sentido, puede concurrir con la credencial de la O.S.U.O.M.R.A., si ya la tiene, o con sus documentos personales y el \u00faltimo recibo de sueldo, que no puede ser anterior a tres meses de la fecha en que pretende hacer uso de los servicios. En el Item\u201d<a href=\"http:\/\/osuomra.uom.org.ar\/site\/informacion-beneficiarios\/\"><u><strong>Informaci\u00f3n<\/strong><\/u><\/a>\u201c, del Men\u00fa \u201cBeneficiarios\u201d de esta p\u00e1gina Web en el sub-\u00edtem \u201c<strong>\u00bfC\u00f3mo me afilio?<\/strong>\u201d se detalla la documentaci\u00f3n necesaria para el caso que quien requiera la atenci\u00f3n no tenga una credencial propia de la Obra Social.<\/p>\n\n\n\n<p><strong>b)<\/strong>\u00a0Segundo paso:\u00a0El afiliado debe reconocer a qu\u00e9\u00a0<a href=\"https:\/\/osuomra.org.ar\/?page_id=145\" data-type=\"page\" data-id=\"145\"><u><strong>Seccional de la UOM<\/strong><\/u><\/a>\u00a0pertenece, de modo tal que pueda consultar la Cartilla M\u00e9dica de Prestadores que corresponde a esa Seccional, la que se ha confeccionado subdividiendo el pa\u00eds en regiones, cada una de ellas integrada por una o m\u00e1s Seccionales de la UOM, y donde encontrar\u00e1 el listado de prestadores propios y contratados, con especialidades, direcciones, tel\u00e9fonos y horarios de atenci\u00f3n.<br>En el\u00a0<a href=\"https:\/\/osuomra.org.ar\/?page_id=642\" data-type=\"page\" data-id=\"642\"><u>Anexo II<\/u><\/a>\u00a0(\u201cProcedimientos\u201d) de la Cartilla, figuran los Centros de Orientaci\u00f3n y Coordinaci\u00f3n de Servicios, con su direcci\u00f3n, tel\u00e9fonos y horarios de atenci\u00f3n; las prestaciones que requieren autorizaci\u00f3n previa, pago de bonos moderadores, etc; los lugares habilitados para las autorizaciones; y el r\u00e9gimen de turnos, que los afiliados pueden consultar.<\/p>\n\n\n\n<p><strong>c)<\/strong>&nbsp;Tercer paso:&nbsp;En el supuesto que un afiliado realice por primera vez una consulta m\u00e9dica, es recomendable que en esta primera ocasi\u00f3n concurra a ser atendido por un m\u00e9dico generalista, cl\u00ednico general, tocoginec\u00f3logo o pediatra. Ellos son los que est\u00e1n m\u00e1s capacitados para resolver la consulta o, eventualmente, solicitar la derivaci\u00f3n al especialista que corresponda. Otra ventaja que se obtiene al ser atendido inicialmente con un m\u00e9dico formado en medicina general es la posible detecci\u00f3n de otros procesos no directamente relacionados con el motivo de la consulta, pero no por ello menos importantes.<\/p>\n\n\n\n<p><strong>d)<\/strong>&nbsp;Cuarto paso:&nbsp;Si en la regi\u00f3n geogr\u00e1fica correspondiente a su Seccional existen Centros propios de la Obra Social, se recomienda la asistencia a los mismos en primer t\u00e9rmino. Cualquier dificultad de tipo administrativo ser\u00e1 m\u00e1s f\u00e1cilmente resuelta desde un Servicio propio que contratado.<\/p>\n\n\n\n<p><strong>\u00bfC\u00f3mo acceder a una consulta m\u00e9dica programada?<\/strong><br>En los contenidos de esta p\u00e1gina web, los afiliados encontrar\u00e1n todos los datos necesarios para acceder a la atenci\u00f3n m\u00e9dica.<\/p>\n\n\n\n<p><strong>\u00bfC\u00f3mo solicitar una consulta domiciliaria?<\/strong><br>Las consultas en domicilio est\u00e1n reservadas para casos de urgencia m\u00e9dica. En consecuencia, el afiliado debe comunicarse con los tel\u00e9fonos correspondientes a su Cartilla de Prestadores,\u00a0<a href=\"https:\/\/osuomra.org.ar\/?page_id=642\" data-type=\"page\" data-id=\"642\"><u>Anexo II<\/u><\/a>\u00a0Procedimientos Punto 1.5 Centros de Atenci\u00f3n de Urgencias y Emergencias, donde se proceder\u00e1 a evaluar lo solicitado. En caso que corresponda, ser\u00e1 enviada una ambulancia con personal m\u00e9dico al domicilio de beneficiario. Esta pr\u00e1ctica implica el pago de un coseguro por parte del afiliado.<\/p>\n\n\n\n<p><strong>\u00bfC\u00f3mo proceder ante una urgencia o emergencia m\u00e9dica?<\/strong><br>En la Cartilla de Prestadores se detallan los Centros para cada regi\u00f3n habilitados para atender las urgencias y emergencias m\u00e9dicas, con su direcci\u00f3n y tel\u00e9fonos. En el&nbsp;<a href=\"http:\/\/osuomra.uom.org.ar\/site\/cartilla-anexo-ii\/\"><u>Anexo II<\/u><\/a>&nbsp;\u2013 Procedimientos \u2013 Punto 1.5, figura el detalle de los mismos. Seg\u00fan el caso podr\u00e1 solicitarse una ambulancia o bien el afiliado puede concurrir directamente a los Centros que correspondan.<\/p>\n\n\n\n<p><strong>\u00bfC\u00f3mo solicitar un traslado en ambulancia?<\/strong><br>Estos traslados pueden corresponder a urgencias o emergencias m\u00e9dicas, o bien a traslados programados de pacientes que no pueden movilizarse por sus medios, para consultas, estudios o controles terap\u00e9uticos.<br>Los afiliados deben consultar la:<br>Cartilla de Prestadores,&nbsp;<a href=\"http:\/\/osuomra.uom.org.ar\/site\/cartilla-anexo-ii\/\"><u>Anexo II<\/u><\/a><br>\u2013 Procedimientos<br>\u2013 Punto 1.6 donde figuran, por regi\u00f3n, las empresas y tel\u00e9fonos correspondientes. Los traslados programados requieren, por lo general la autorizaci\u00f3n previa de las Auditor\u00edas regionales.<\/p>\n\n\n\n<p><strong>\u00bfC\u00f3mo incorporarse a uno de los Programas de Prevenci\u00f3n de la Obra Social?<\/strong><br>La O.S.U.O.M.R.A. tiene en curso diversos programas preventivos, tendientes a la detecci\u00f3n y control de las enfermedades prevalentes y la atenci\u00f3n de la salud materno-infantil.<br>Los programas son:<\/p>\n\n\n\n<p>a) Programa Materno-Infantil;<br>b) Programa de detecci\u00f3n precoz y prevenci\u00f3n del c\u00e1ncer g\u00e9nitomamario (C\u00e1ncer de mama y c\u00e1ncer de \u00fatero);<br>c) Programa de prevenci\u00f3n odontol\u00f3gica;<br>d) Programa de salud sexual y procreaci\u00f3n responsable; y\u2026<br>e) Programa de detecci\u00f3n de factores de riesgo cardiovascular.<br>f) Programa de c\u00e1ncer colorectal.<\/p>\n\n\n\n<p>Se recomienda que todos los afiliados se incorporen a los programas de prevenci\u00f3n que correspondan seg\u00fan sexo y edad, con el objeto de investigar la existencia de factores predisponentes para las enfermedades m\u00e1s comunes, as\u00ed como la detecci\u00f3n precoz de alguna ya en curso. Se debe tener en cuenta, que los resultados terap\u00e9uticos son muy superiores en las enfermedades que a\u00fan no han dado s\u00edntomas, y que el reconocimiento de factores predisponentes puede evitar el desarrollo y\/o complicaci\u00f3n de otras.<\/p>\n\n\n\n<p>Cualquier afiliado puede solicitar directamente informaci\u00f3n sobre los programas de prevenci\u00f3n y la incorporaci\u00f3n a los mismos en los Centros asistenciales correspondientes a su\u00a0<strong><a href=\"https:\/\/osuomra.org.ar\/?page_id=145\" data-type=\"page\" data-id=\"145\">Seccional<\/a><\/strong>.<\/p>\n\n\n\n<p><strong>\u00bfQu\u00e9 prestaciones o servicios requieren la autorizaci\u00f3n previa de la auditor\u00eda m\u00e9dica?<\/strong><br>Dentro del Programa de Cobertura M\u00e9dica de la Obra Social, hay prestaciones que requieren una autorizaci\u00f3n previa de la Auditor\u00eda administrativa o m\u00e9dica. Esta circunstancia puede exigirse por prestaciones de alta complejidad, o para la derivaci\u00f3n de estudios a prestadores contratados. En la Cartilla de Prestadores&nbsp;<a href=\"http:\/\/osuomra.uom.org.ar\/site\/cartilla-anexo-ii\/\"><u>Anexo II<\/u><\/a>&nbsp;\u2013 Procedimientos \u2013 Punto 1.3 \u201cR\u00e9gimen de Autorizaciones\u201d, figuran en t\u00e9rminos generales las prestaciones que requieren o no autorizaci\u00f3n. De todos modos se recomienda, ante cualquier duda, consultar con el Centro de Orientaci\u00f3n y Coordinaci\u00f3n de Servicios de cada regi\u00f3n.<\/p>\n\n\n\n<p><strong>\u00bfQu\u00e9 consultas o inquietudes pueden evaluarse en la Sede Central de la Obra Social?<\/strong><br>La administraci\u00f3n Central de la Obra Social puede ser consultada por los beneficiarios, frente a cualquier inquietud que surja en materia de afiliaciones, alcance de la cobertura, o interpretaci\u00f3n de las normas de procedimientos mencionadas en esta p\u00e1gina web. A tal efecto, el afiliado podr\u00e1 comunicarse por tel\u00e9fono, carta, mail, o bien asistir personalmente a la sede Central de la Obra Social.<\/p>\n\n\n\n<h5 class=\"wp-block-heading\">Acceso a la interrupci\u00f3n voluntaria del embarazo \u2013 Ley 27610.<br><a href=\"https:\/\/osuomra.org.ar\/wp-content\/uploads\/2025\/09\/Protocolo-IVE.pdf\">Protocolo IVE<\/a><\/h5>\n\n\n\n<h5 class=\"wp-block-heading\">Direcci\u00f3n: Alsina 477, C.A.B.A<br>Tel\u00e9fono: 54 11 6345-5000<br>Mails:&nbsp;<a href=\"mailto:of.direccionmedica@uom.org.ar\">of.direccionmedica@uom.org.ar<\/a>,&nbsp;<a href=\"mailto:of.afiliaciones@uom.org.ar\">of.afiliaciones@uom.org.ar<\/a><\/h5>\n","protected":false},"excerpt":{"rendered":"<p>Este apartado tiene como prop\u00f3sito orientar a nuestros beneficiarios en el uso de los Servicios M\u00e9dico-Asistenciales que brinda la Obra Social de la OSUOMRA. \u00bfQu\u00e9 documentaci\u00f3n se debe presentar para ser atendido en un Servicio M\u00e9dico?a)&nbsp;Primer paso:&nbsp;confirmar que posee la documentaci\u00f3n que verifica su filiaci\u00f3n a la Obra Social. En este sentido, puede concurrir con [&hellip;]<\/p>\n","protected":false},"author":1,"featured_media":50741,"parent":0,"menu_order":0,"comment_status":"closed","ping_status":"closed","template":"","meta":{"_acf_changed":false,"_joinchat":[],"footnotes":""},"class_list":["post-441","page","type-page","status-publish","has-post-thumbnail","hentry"],"acf":[],"_links":{"self":[{"href":"https:\/\/osuomra.org.ar\/index.php?rest_route=\/wp\/v2\/pages\/441","targetHints":{"allow":["GET"]}}],"collection":[{"href":"https:\/\/osuomra.org.ar\/index.php?rest_route=\/wp\/v2\/pages"}],"about":[{"href":"https:\/\/osuomra.org.ar\/index.php?rest_route=\/wp\/v2\/types\/page"}],"author":[{"embeddable":true,"href":"https:\/\/osuomra.org.ar\/index.php?rest_route=\/wp\/v2\/users\/1"}],"replies":[{"embeddable":true,"href":"https:\/\/osuomra.org.ar\/index.php?rest_route=%2Fwp%2Fv2%2Fcomments&post=441"}],"version-history":[{"count":6,"href":"https:\/\/osuomra.org.ar\/index.php?rest_route=\/wp\/v2\/pages\/441\/revisions"}],"predecessor-version":[{"id":50796,"href":"https:\/\/osuomra.org.ar\/index.php?rest_route=\/wp\/v2\/pages\/441\/revisions\/50796"}],"wp:featuredmedia":[{"embeddable":true,"href":"https:\/\/osuomra.org.ar\/index.php?rest_route=\/wp\/v2\/media\/50741"}],"wp:attachment":[{"href":"https:\/\/osuomra.org.ar\/index.php?rest_route=%2Fwp%2Fv2%2Fmedia&parent=441"}],"curies":[{"name":"wp","href":"https:\/\/api.w.org\/{rel}","templated":true}]}}